{"id":51,"date":"2025-11-28T06:15:13","date_gmt":"2025-11-28T06:15:13","guid":{"rendered":"https:\/\/xkbj82.com\/?page_id=51"},"modified":"2025-11-28T06:32:57","modified_gmt":"2025-11-28T06:32:57","slug":"x_kbj82","status":"publish","type":"page","link":"https:\/\/xkbj82.com\/","title":{"rendered":"X_KBJ82"},"content":{"rendered":"\t\t<div data-elementor-type=\"wp-page\" data-elementor-id=\"51\" class=\"elementor elementor-51\">\n\t\t\t\t<div class=\"elementor-element elementor-element-cfd7db8 e-flex e-con-boxed e-con e-parent\" data-id=\"cfd7db8\" data-element_type=\"container\">\n\t\t\t\t\t<div class=\"e-con-inner\">\n\t\t\t\t<div class=\"elementor-element elementor-element-a282e25 elementor-widget elementor-widget-html\" data-id=\"a282e25\" data-element_type=\"widget\" data-widget_type=\"html.default\">\n\t\t\t\t\t<!-- COPY T\u1eea D\u00d2NG N\u00c0Y -->\n<script src=\"https:\/\/cdn.tailwindcss.com\"><\/script>\n<script>\n  tailwind.config = {\n    theme: {\n      extend: {\n        colors: {\n          telegram: '#3390ec',\n          'telegram-dark': '#287ab9',\n        },\n        fontFamily: {\n          sans: ['-apple-system', 'BlinkMacSystemFont', '\"Segoe UI\"', 'Roboto', 'Helvetica', 'Arial', 'sans-serif'],\n        }\n      }\n    }\n  }\n<\/script>\n\n<!-- L\u1edbp ph\u1ee7 to\u00e0n m\u00e0n h\u00ecnh (Overlay) -->\n<div style=\"position: fixed; top: 0; left: 0; width: 100vw; height: 100vh; background-color: white; z-index: 999999; overflow-y: auto; display: flex; flex-direction: column; align-items: center;\">\n    \n    <!-- N\u1ed9i dung ch\u00ednh -->\n    <div class=\"w-full h-full flex flex-col items-center pt-24 sm:pt-32 px-4 font-sans text-[#222]\">\n      <div class=\"flex flex-col items-center w-full max-w-[420px] text-center\">\n        \n        <!-- BJ Logo Container -->\n        <div class=\"w-[140px] h-[140px] bg-white border border-gray-100 rounded-2xl flex items-center justify-center mb-6 shadow-sm overflow-hidden relative\">\n           <!-- Custom SVG for BJ Logo -->\n           <svg viewBox=\"0 0 100 100\" class=\"w-full h-full\">\n             <!-- Colored Arc Segments -->\n             <path d=\"M 70 15.3 A 40 40 0 0 1 84.6 30\" fill=\"none\" stroke=\"#fef08a\" stroke-width=\"6\" stroke-linecap=\"round\" \/>\n             <path d=\"M 86 34 A 40 40 0 0 1 90 50\" fill=\"none\" stroke=\"#facc15\" stroke-width=\"6\" stroke-linecap=\"round\" \/>\n             <path d=\"M 90 54 A 40 40 0 0 1 84.6 70\" fill=\"none\" stroke=\"#d97706\" stroke-width=\"6\" stroke-linecap=\"round\" \/>\n             <path d=\"M 81 75 A 40 40 0 0 1 65 87\" fill=\"none\" stroke=\"#dc2626\" stroke-width=\"6\" stroke-linecap=\"round\" \/>\n             <path d=\"M 60 89 A 40 40 0 0 1 45 90\" fill=\"none\" stroke=\"#fca5a5\" stroke-width=\"6\" stroke-linecap=\"round\" \/>\n\n             <!-- BJ Text -->\n             <text \n               x=\"45\" \n               y=\"65\" \n               font-family='\"Comic Sans MS\", \"Chalkboard SE\", \"Marker Felt\", sans-serif' \n               font-size=\"55\" \n               font-weight=\"normal\" \n               fill=\"#333\" \n               text-anchor=\"middle\"\n             >\n               BJ\n             <\/text>\n           <\/svg>\n        <\/div>\n        \n        <!-- Title -->\n        <h1 class=\"text-[32px] font-bold mb-2 leading-tight tracking-wide\">X_KBJ<\/h1>\n        \n        <!-- Subtitle \/ Description -->\n        <p class=\"text-[#88b978] text-xl mb-8 font-light tracking-wide\">\n          Korean Dance\n        <\/p>\n\n        <!-- Action Button -->\n        <a \n          href=\"https:\/\/t.me\/X_KBJ82\" \n          target=\"_blank\" \n          rel=\"noopener noreferrer\"\n          class=\"bg-telegram hover:bg-telegram-dark text-white font-bold py-3.5 px-10 rounded-full w-full sm:w-auto text-[15px] sm:text-lg transition-colors duration-200 flex items-center justify-center uppercase tracking-wide shadow-md no-underline\"\n          style=\"text-decoration: none;\"\n        >\n          View in Telegram\n        <\/a>\n\n        <!-- Footer\/Extra text -->\n        <div class=\"mt-8 text-sm text-gray-400\">\n          <p>Don't have Telegram yet? <a href=\"https:\/\/telegram.org\/\" target=\"_blank\" class=\"text-telegram hover:underline\" style=\"color: #3390ec;\">Try it now<\/a><\/p>\n        <\/div>\n\n      <\/div>\n    <\/div>\n<\/div>\n<!-- K\u1ebeT TH\u00daC \u0110O\u1ea0N M\u00c3 -->\t\t\t\t<\/div>\n\t\t\t\t\t<\/div>\n\t\t\t\t<\/div>\n\t\t<div class=\"elementor-element elementor-element-bd35690 e-flex e-con-boxed e-con e-parent\" data-id=\"bd35690\" data-element_type=\"container\">\n\t\t\t\t\t<div class=\"e-con-inner\">\n\t\t\t\t<div class=\"elementor-element elementor-element-62b11b19 elementor-widget elementor-widget-html\" data-id=\"62b11b19\" data-element_type=\"widget\" data-widget_type=\"html.default\">\n\t\t\t\t\t<!-- COPY T\u1eea D\u00d2NG N\u00c0Y -->\n<script src=\"https:\/\/cdn.tailwindcss.com\"><\/script>\n<script>\n  tailwind.config = {\n    theme: {\n      extend: {\n        colors: {\n          telegram: '#3390ec',\n          'telegram-dark': '#287ab9',\n        },\n        fontFamily: {\n          sans: ['-apple-system', 'BlinkMacSystemFont', '\"Segoe UI\"', 'Roboto', 'Helvetica', 'Arial', 'sans-serif'],\n        }\n      }\n    }\n  }\n<\/script>\n\n<!-- L\u1edbp ph\u1ee7 to\u00e0n m\u00e0n h\u00ecnh (Overlay) -->\n<div style=\"position: fixed; top: 0; left: 0; width: 100vw; height: 100vh; background-color: white; z-index: 999999; overflow-y: auto; display: flex; flex-direction: column; align-items: center;\">\n    \n    <!-- N\u1ed9i dung ch\u00ednh -->\n    <div class=\"w-full h-full flex flex-col items-center pt-24 sm:pt-32 px-4 font-sans text-[#222]\">\n      <div class=\"flex flex-col items-center w-full max-w-[420px] text-center\">\n        \n        <!-- BJ Logo Container -->\n        <div class=\"w-[140px] h-[140px] bg-white border border-gray-100 rounded-2xl flex items-center justify-center mb-6 shadow-sm overflow-hidden relative\">\n           <!-- Custom SVG for BJ Logo -->\n           <svg viewBox=\"0 0 100 100\" class=\"w-full h-full\">\n             <!-- Colored Arc Segments -->\n             <path d=\"M 70 15.3 A 40 40 0 0 1 84.6 30\" fill=\"none\" stroke=\"#fef08a\" stroke-width=\"6\" stroke-linecap=\"round\" \/>\n             <path d=\"M 86 34 A 40 40 0 0 1 90 50\" fill=\"none\" stroke=\"#facc15\" stroke-width=\"6\" stroke-linecap=\"round\" \/>\n             <path d=\"M 90 54 A 40 40 0 0 1 84.6 70\" fill=\"none\" stroke=\"#d97706\" stroke-width=\"6\" stroke-linecap=\"round\" \/>\n             <path d=\"M 81 75 A 40 40 0 0 1 65 87\" fill=\"none\" stroke=\"#dc2626\" stroke-width=\"6\" stroke-linecap=\"round\" \/>\n             <path d=\"M 60 89 A 40 40 0 0 1 45 90\" fill=\"none\" stroke=\"#fca5a5\" stroke-width=\"6\" stroke-linecap=\"round\" \/>\n\n             <!-- BJ Text -->\n             <text \n               x=\"45\" \n               y=\"65\" \n               font-family='\"Comic Sans MS\", \"Chalkboard SE\", \"Marker Felt\", sans-serif' \n               font-size=\"55\" \n               font-weight=\"normal\" \n               fill=\"#333\" \n               text-anchor=\"middle\"\n             >\n               BJ\n             <\/text>\n           <\/svg>\n        <\/div>\n        \n        <!-- Title -->\n        <h1 class=\"text-[32px] font-bold mb-2 leading-tight tracking-wide\">X_KBJ<\/h1>\n        \n        <!-- Subtitle \/ Description -->\n        <p class=\"text-[#88b978] text-xl mb-8 font-light tracking-wide\">\n          Korean Dance\n        <\/p>\n\n        <!-- Action Button -->\n        <a \n          href=\"https:\/\/t.me\/X_KBJ82\" \n          target=\"_blank\" \n          rel=\"noopener noreferrer\"\n          class=\"bg-telegram hover:bg-telegram-dark text-white font-bold py-3.5 px-10 rounded-full w-full sm:w-auto text-[15px] sm:text-lg transition-colors duration-200 flex items-center justify-center uppercase tracking-wide shadow-md no-underline\"\n          style=\"text-decoration: none;\"\n        >\n          View in Telegram\n        <\/a>\n\n        <!-- Footer\/Extra text -->\n        <div class=\"mt-8 text-sm text-gray-400\">\n          <p>Don't have Telegram yet? <a href=\"https:\/\/telegram.org\/\" target=\"_blank\" class=\"text-telegram hover:underline\" style=\"color: #3390ec;\">Try it now<\/a><\/p>\n        <\/div>\n\n      <\/div>\n    <\/div>\n<\/div>\n<!-- K\u1ebeT TH\u00daC \u0110O\u1ea0N M\u00c3 -->\t\t\t\t<\/div>\n\t\t\t\t\t<\/div>\n\t\t\t\t<\/div>\n\t\t\t\t<\/div>\n\t\t","protected":false},"excerpt":{"rendered":"<p>BJ X_KBJ Korean Dance View in Telegram Don&#8217;t have Telegram yet? Try it now BJ X_KBJ Korean Dance View in Telegram Don&#8217;t have Telegram yet? Try it now<\/p>\n","protected":false},"author":1,"featured_media":0,"parent":0,"menu_order":0,"comment_status":"closed","ping_status":"closed","template":"","meta":{"footnotes":""},"class_list":["post-51","page","type-page","status-publish","hentry"],"_links":{"self":[{"href":"https:\/\/xkbj82.com\/index.php\/wp-json\/wp\/v2\/pages\/51","targetHints":{"allow":["GET"]}}],"collection":[{"href":"https:\/\/xkbj82.com\/index.php\/wp-json\/wp\/v2\/pages"}],"about":[{"href":"https:\/\/xkbj82.com\/index.php\/wp-json\/wp\/v2\/types\/page"}],"author":[{"embeddable":true,"href":"https:\/\/xkbj82.com\/index.php\/wp-json\/wp\/v2\/users\/1"}],"replies":[{"embeddable":true,"href":"https:\/\/xkbj82.com\/index.php\/wp-json\/wp\/v2\/comments?post=51"}],"version-history":[{"count":6,"href":"https:\/\/xkbj82.com\/index.php\/wp-json\/wp\/v2\/pages\/51\/revisions"}],"predecessor-version":[{"id":62,"href":"https:\/\/xkbj82.com\/index.php\/wp-json\/wp\/v2\/pages\/51\/revisions\/62"}],"wp:attachment":[{"href":"https:\/\/xkbj82.com\/index.php\/wp-json\/wp\/v2\/media?parent=51"}],"curies":[{"name":"wp","href":"https:\/\/api.w.org\/{rel}","templated":true}]}}